{"id":11682,"date":"2026-04-13T10:39:48","date_gmt":"2026-04-13T10:39:48","guid":{"rendered":"https:\/\/puzzle-it.de\/?page_id=11682"},"modified":"2026-04-17T08:53:55","modified_gmt":"2026-04-17T08:53:55","slug":"sap-dienstleistungen","status":"publish","type":"page","link":"https:\/\/puzzle-it.de\/index.php\/sap-dienstleistungen\/","title":{"rendered":"SAP Dienstleistungen"},"content":{"rendered":"\t\t<div data-elementor-type=\"wp-page\" data-elementor-id=\"11682\" class=\"elementor elementor-11682\">\n\t\t\t\t\t\t<section class=\"elementor-section elementor-top-section elementor-element elementor-element-6024d0a elementor-section-full_width elementor-section-height-min-height elementor-section-height-default elementor-section-items-middle\" data-id=\"6024d0a\" data-element_type=\"section\" data-e-type=\"section\" data-settings=\"{&quot;background_background&quot;:&quot;classic&quot;}\">\n\t\t\t\t\t\t<div class=\"elementor-container elementor-column-gap-no\">\n\t\t\t\t\t<div class=\"elementor-column elementor-col-100 elementor-top-column elementor-element elementor-element-45b6b67\" data-id=\"45b6b67\" data-element_type=\"column\" data-e-type=\"column\">\n\t\t\t<div class=\"elementor-widget-wrap\">\n\t\t\t\t\t\t\t<\/div>\n\t\t<\/div>\n\t\t\t\t\t<\/div>\n\t\t<\/section>\n\t\t<div class=\"elementor-element elementor-element-f3c5263 e-flex e-con-boxed e-con e-parent\" data-id=\"f3c5263\" data-element_type=\"container\" data-e-type=\"container\">\n\t\t\t\t\t<div class=\"e-con-inner\">\n\t\t\t\t<div class=\"elementor-element elementor-element-3a661a5 elementor-widget elementor-widget-text-editor\" data-id=\"3a661a5\" data-element_type=\"widget\" data-e-type=\"widget\" data-widget_type=\"text-editor.default\">\n\t\t\t\t<div class=\"elementor-widget-container\">\n\t\t\t\t\t\t\t\t\t<h2>SAP Dienstleistungen in Vertrieb, Einkauf und Logistik.\u00a0<\/h2>\t\t\t\t\t\t\t\t<\/div>\n\t\t\t\t<\/div>\n\t\t\t\t\t<\/div>\n\t\t\t\t<\/div>\n\t\t<div class=\"elementor-element elementor-element-debe336 e-grid e-con-boxed e-con e-parent\" data-id=\"debe336\" data-element_type=\"container\" data-e-type=\"container\">\n\t\t\t\t\t<div class=\"e-con-inner\">\n\t\t\t\t<div class=\"elementor-element elementor-element-84a594e elementor-widget elementor-widget-image\" data-id=\"84a594e\" data-element_type=\"widget\" data-e-type=\"widget\" data-widget_type=\"image.default\">\n\t\t\t\t<div class=\"elementor-widget-container\">\n\t\t\t\t\t\t\t\t\t\t\t\t\t\t\t<img fetchpriority=\"high\" decoding=\"async\" width=\"1024\" height=\"683\" src=\"https:\/\/puzzle-it.de\/wp-content\/uploads\/2026\/04\/Lager.jpg\" class=\"attachment-large size-large wp-image-11732\" alt=\"\" srcset=\"https:\/\/puzzle-it.de\/wp-content\/uploads\/2026\/04\/Lager.jpg 1024w, https:\/\/puzzle-it.de\/wp-content\/uploads\/2026\/04\/Lager-300x200.jpg 300w, https:\/\/puzzle-it.de\/wp-content\/uploads\/2026\/04\/Lager-768x512.jpg 768w, https:\/\/puzzle-it.de\/wp-content\/uploads\/2026\/04\/Lager-600x400.jpg 600w\" sizes=\"(max-width: 1024px) 100vw, 1024px\" \/>\t\t\t\t\t\t\t\t\t\t\t\t\t\t\t<\/div>\n\t\t\t\t<\/div>\n\t\t\t\t<div class=\"elementor-element elementor-element-8b9de84 elementor-widget elementor-widget-text-editor\" data-id=\"8b9de84\" data-element_type=\"widget\" data-e-type=\"widget\" data-widget_type=\"text-editor.default\">\n\t\t\t\t<div class=\"elementor-widget-container\">\n\t\t\t\t\t\t\t\t\t<p>Sie wollen Ihre Lagerlogistik und den Verpackungsprozess optimieren?<br \/>Mit unserer L\u00f6sung k\u00f6nnen Sie Ihre AMAZON Lagerbstellungen verwalten, mehrere Lieferschiene \u00fcber Drag und Drop zusammen verpacken und die Struktur an den AMAZON Vendor \u00fcbergeben.<\/p><p>Der zus\u00e4tzliche Verpackungsschritt im AMAZON Vendor entf\u00e4llt damit.<\/p>\t\t\t\t\t\t\t\t<\/div>\n\t\t\t\t<\/div>\n\t\t\t\t<div class=\"elementor-element elementor-element-68d3ab2 elementor-widget elementor-widget-text-editor\" data-id=\"68d3ab2\" data-element_type=\"widget\" data-e-type=\"widget\" data-widget_type=\"text-editor.default\">\n\t\t\t\t<div class=\"elementor-widget-container\">\n\t\t\t\t\t\t\t\t\t<h5>Der Packprozess<\/h5>\n<p>der Puzzle Packtisch ist eine FIORI UI5 Freestyle L\u00f6sung, die \u00fcber die REST Schnittstelle mit dem SAP System kommuniziert und die Daten in echtzeit syncronisiert.<\/p>\n<p>Das Bearbeiten von ge\u00f6ffneten Belegen in der SAP GUI wird mit einer Fehlermeldung &#8222;Beleg in Bearbeitung von User X&#8220; verhindert.<br>Artikel, Packmittel und Lieferscheinummern k\u00f6nnen gescannnt werde.<\/p>\n<p>Paketdienstleister wie HERMES, DHL, UPS und GLS sind breits integriert. Eine ausf\u00fchrliche Sendungsverfolgung mit Anzeige des Paketshopes ist ebenfalls vorhanden.<\/p>\t\t\t\t\t\t\t\t<\/div>\n\t\t\t\t<\/div>\n\t\t\t\t<div class=\"elementor-element elementor-element-3cbe926 elementor-widget elementor-widget-image\" data-id=\"3cbe926\" data-element_type=\"widget\" data-e-type=\"widget\" data-widget_type=\"image.default\">\n\t\t\t\t<div class=\"elementor-widget-container\">\n\t\t\t\t\t\t\t\t\t\t\t\t\t\t\t<img decoding=\"async\" width=\"400\" height=\"365\" src=\"https:\/\/puzzle-it.de\/wp-content\/uploads\/2026\/04\/screenshot_kl2.webp\" class=\"attachment-large size-large wp-image-12049\" alt=\"SAP FIORI Packtisch UI5\" srcset=\"https:\/\/puzzle-it.de\/wp-content\/uploads\/2026\/04\/screenshot_kl2.webp 400w, https:\/\/puzzle-it.de\/wp-content\/uploads\/2026\/04\/screenshot_kl2-300x274.webp 300w\" sizes=\"(max-width: 400px) 100vw, 400px\" \/>\t\t\t\t\t\t\t\t\t\t\t\t\t\t\t<\/div>\n\t\t\t\t<\/div>\n\t\t\t\t\t<\/div>\n\t\t\t\t<\/div>\n\t\t<div class=\"elementor-element elementor-element-6fd03c1 e-grid e-con-boxed e-con e-parent\" data-id=\"6fd03c1\" data-element_type=\"container\" data-e-type=\"container\">\n\t\t\t\t\t<div class=\"e-con-inner\">\n\t\t\t\t\t<\/div>\n\t\t\t\t<\/div>\n\t\t\t\t<\/div>\n\t\t","protected":false},"excerpt":{"rendered":"<p>SAP Dienstleistungen in Vertrieb, Einkauf und Logistik.\u00a0 Sie wollen Ihre Lagerlogistik und den Verpackungsprozess optimieren?Mit unserer L\u00f6sung k\u00f6nnen Sie Ihre AMAZON Lagerbstellungen verwalten, mehrere Lieferschiene \u00fcber Drag und Drop zusammen verpacken und die Struktur an den AMAZON Vendor \u00fcbergeben. Der zus\u00e4tzliche Verpackungsschritt im AMAZON Vendor entf\u00e4llt damit. Der Packprozess der Puzzle Packtisch ist eine FIORI [&hellip;]<\/p>\n","protected":false},"author":1,"featured_media":0,"parent":0,"menu_order":0,"comment_status":"closed","ping_status":"closed","template":"page-full-width.php","meta":{"footnotes":""},"class_list":["post-11682","page","type-page","status-publish","hentry"],"yoast_head":"<!-- This site is optimized with the Yoast SEO plugin v27.4 - https:\/\/yoast.com\/product\/yoast-seo-wordpress\/ -->\n<title>SAP Dienstleistungen - Puzzle-it<\/title>\n<meta name=\"robots\" content=\"index, follow, max-snippet:-1, max-image-preview:large, max-video-preview:-1\" \/>\n<link rel=\"canonical\" href=\"https:\/\/puzzle-it.de\/index.php\/sap-dienstleistungen\/\" \/>\n<meta property=\"og:locale\" content=\"de_DE\" \/>\n<meta property=\"og:type\" content=\"article\" \/>\n<meta property=\"og:title\" content=\"SAP Dienstleistungen - Puzzle-it\" \/>\n<meta property=\"og:description\" content=\"SAP Dienstleistungen in Vertrieb, Einkauf und Logistik.\u00a0 Sie wollen Ihre Lagerlogistik und den Verpackungsprozess optimieren?Mit unserer L\u00f6sung k\u00f6nnen Sie Ihre AMAZON Lagerbstellungen verwalten, mehrere Lieferschiene \u00fcber Drag und Drop zusammen verpacken und die Struktur an den AMAZON Vendor \u00fcbergeben. Der zus\u00e4tzliche Verpackungsschritt im AMAZON Vendor entf\u00e4llt damit. Der Packprozess der Puzzle Packtisch ist eine FIORI [&hellip;]\" \/>\n<meta property=\"og:url\" content=\"https:\/\/puzzle-it.de\/index.php\/sap-dienstleistungen\/\" \/>\n<meta property=\"og:site_name\" content=\"Puzzle-it\" \/>\n<meta property=\"article:modified_time\" content=\"2026-04-17T08:53:55+00:00\" \/>\n<meta property=\"og:image\" content=\"https:\/\/puzzle-it.de\/wp-content\/uploads\/2026\/04\/Lager.jpg\" \/>\n<meta name=\"twitter:card\" content=\"summary_large_image\" \/>\n<meta name=\"twitter:label1\" content=\"Gesch\u00e4tzte Lesezeit\" \/>\n\t<meta name=\"twitter:data1\" content=\"2\u00a0Minuten\" \/>\n<script type=\"application\/ld+json\" class=\"yoast-schema-graph\">{\"@context\":\"https:\\\/\\\/schema.org\",\"@graph\":[{\"@type\":\"WebPage\",\"@id\":\"https:\\\/\\\/puzzle-it.de\\\/index.php\\\/sap-dienstleistungen\\\/\",\"url\":\"https:\\\/\\\/puzzle-it.de\\\/index.php\\\/sap-dienstleistungen\\\/\",\"name\":\"SAP Dienstleistungen - Puzzle-it\",\"isPartOf\":{\"@id\":\"https:\\\/\\\/puzzle-it.de\\\/#website\"},\"primaryImageOfPage\":{\"@id\":\"https:\\\/\\\/puzzle-it.de\\\/index.php\\\/sap-dienstleistungen\\\/#primaryimage\"},\"image\":{\"@id\":\"https:\\\/\\\/puzzle-it.de\\\/index.php\\\/sap-dienstleistungen\\\/#primaryimage\"},\"thumbnailUrl\":\"https:\\\/\\\/puzzle-it.de\\\/wp-content\\\/uploads\\\/2026\\\/04\\\/Lager.jpg\",\"datePublished\":\"2026-04-13T10:39:48+00:00\",\"dateModified\":\"2026-04-17T08:53:55+00:00\",\"breadcrumb\":{\"@id\":\"https:\\\/\\\/puzzle-it.de\\\/index.php\\\/sap-dienstleistungen\\\/#breadcrumb\"},\"inLanguage\":\"de\",\"potentialAction\":[{\"@type\":\"ReadAction\",\"target\":[\"https:\\\/\\\/puzzle-it.de\\\/index.php\\\/sap-dienstleistungen\\\/\"]}]},{\"@type\":\"ImageObject\",\"inLanguage\":\"de\",\"@id\":\"https:\\\/\\\/puzzle-it.de\\\/index.php\\\/sap-dienstleistungen\\\/#primaryimage\",\"url\":\"https:\\\/\\\/puzzle-it.de\\\/wp-content\\\/uploads\\\/2026\\\/04\\\/Lager.jpg\",\"contentUrl\":\"https:\\\/\\\/puzzle-it.de\\\/wp-content\\\/uploads\\\/2026\\\/04\\\/Lager.jpg\",\"width\":1024,\"height\":683,\"caption\":\"Worker operating forklift in warehouse. Forklift operator driving a loading machine in factory storage room.\"},{\"@type\":\"BreadcrumbList\",\"@id\":\"https:\\\/\\\/puzzle-it.de\\\/index.php\\\/sap-dienstleistungen\\\/#breadcrumb\",\"itemListElement\":[{\"@type\":\"ListItem\",\"position\":1,\"name\":\"Start\",\"item\":\"https:\\\/\\\/puzzle-it.de\\\/\"},{\"@type\":\"ListItem\",\"position\":2,\"name\":\"SAP Dienstleistungen\"}]},{\"@type\":\"WebSite\",\"@id\":\"https:\\\/\\\/puzzle-it.de\\\/#website\",\"url\":\"https:\\\/\\\/puzzle-it.de\\\/\",\"name\":\"Puzzle-it\",\"description\":\"SAP Dienstleistungen\",\"publisher\":{\"@id\":\"https:\\\/\\\/puzzle-it.de\\\/#organization\"},\"potentialAction\":[{\"@type\":\"SearchAction\",\"target\":{\"@type\":\"EntryPoint\",\"urlTemplate\":\"https:\\\/\\\/puzzle-it.de\\\/?s={search_term_string}\"},\"query-input\":{\"@type\":\"PropertyValueSpecification\",\"valueRequired\":true,\"valueName\":\"search_term_string\"}}],\"inLanguage\":\"de\"},{\"@type\":\"Organization\",\"@id\":\"https:\\\/\\\/puzzle-it.de\\\/#organization\",\"name\":\"SAP Dienstleitungen\",\"url\":\"https:\\\/\\\/puzzle-it.de\\\/\",\"logo\":{\"@type\":\"ImageObject\",\"inLanguage\":\"de\",\"@id\":\"https:\\\/\\\/puzzle-it.de\\\/#\\\/schema\\\/logo\\\/image\\\/\",\"url\":\"https:\\\/\\\/puzzle-it.de\\\/wp-content\\\/uploads\\\/2026\\\/04\\\/logo.png\",\"contentUrl\":\"https:\\\/\\\/puzzle-it.de\\\/wp-content\\\/uploads\\\/2026\\\/04\\\/logo.png\",\"width\":512,\"height\":512,\"caption\":\"SAP Dienstleitungen\"},\"image\":{\"@id\":\"https:\\\/\\\/puzzle-it.de\\\/#\\\/schema\\\/logo\\\/image\\\/\"}}]}<\/script>\n<!-- \/ Yoast SEO plugin. -->","yoast_head_json":{"title":"SAP Dienstleistungen - Puzzle-it","robots":{"index":"index","follow":"follow","max-snippet":"max-snippet:-1","max-image-preview":"max-image-preview:large","max-video-preview":"max-video-preview:-1"},"canonical":"https:\/\/puzzle-it.de\/index.php\/sap-dienstleistungen\/","og_locale":"de_DE","og_type":"article","og_title":"SAP Dienstleistungen - Puzzle-it","og_description":"SAP Dienstleistungen in Vertrieb, Einkauf und Logistik.\u00a0 Sie wollen Ihre Lagerlogistik und den Verpackungsprozess optimieren?Mit unserer L\u00f6sung k\u00f6nnen Sie Ihre AMAZON Lagerbstellungen verwalten, mehrere Lieferschiene \u00fcber Drag und Drop zusammen verpacken und die Struktur an den AMAZON Vendor \u00fcbergeben. Der zus\u00e4tzliche Verpackungsschritt im AMAZON Vendor entf\u00e4llt damit. Der Packprozess der Puzzle Packtisch ist eine FIORI [&hellip;]","og_url":"https:\/\/puzzle-it.de\/index.php\/sap-dienstleistungen\/","og_site_name":"Puzzle-it","article_modified_time":"2026-04-17T08:53:55+00:00","og_image":[{"url":"https:\/\/puzzle-it.de\/wp-content\/uploads\/2026\/04\/Lager.jpg","type":"","width":"","height":""}],"twitter_card":"summary_large_image","twitter_misc":{"Gesch\u00e4tzte Lesezeit":"2\u00a0Minuten"},"schema":{"@context":"https:\/\/schema.org","@graph":[{"@type":"WebPage","@id":"https:\/\/puzzle-it.de\/index.php\/sap-dienstleistungen\/","url":"https:\/\/puzzle-it.de\/index.php\/sap-dienstleistungen\/","name":"SAP Dienstleistungen - Puzzle-it","isPartOf":{"@id":"https:\/\/puzzle-it.de\/#website"},"primaryImageOfPage":{"@id":"https:\/\/puzzle-it.de\/index.php\/sap-dienstleistungen\/#primaryimage"},"image":{"@id":"https:\/\/puzzle-it.de\/index.php\/sap-dienstleistungen\/#primaryimage"},"thumbnailUrl":"https:\/\/puzzle-it.de\/wp-content\/uploads\/2026\/04\/Lager.jpg","datePublished":"2026-04-13T10:39:48+00:00","dateModified":"2026-04-17T08:53:55+00:00","breadcrumb":{"@id":"https:\/\/puzzle-it.de\/index.php\/sap-dienstleistungen\/#breadcrumb"},"inLanguage":"de","potentialAction":[{"@type":"ReadAction","target":["https:\/\/puzzle-it.de\/index.php\/sap-dienstleistungen\/"]}]},{"@type":"ImageObject","inLanguage":"de","@id":"https:\/\/puzzle-it.de\/index.php\/sap-dienstleistungen\/#primaryimage","url":"https:\/\/puzzle-it.de\/wp-content\/uploads\/2026\/04\/Lager.jpg","contentUrl":"https:\/\/puzzle-it.de\/wp-content\/uploads\/2026\/04\/Lager.jpg","width":1024,"height":683,"caption":"Worker operating forklift in warehouse. Forklift operator driving a loading machine in factory storage room."},{"@type":"BreadcrumbList","@id":"https:\/\/puzzle-it.de\/index.php\/sap-dienstleistungen\/#breadcrumb","itemListElement":[{"@type":"ListItem","position":1,"name":"Start","item":"https:\/\/puzzle-it.de\/"},{"@type":"ListItem","position":2,"name":"SAP Dienstleistungen"}]},{"@type":"WebSite","@id":"https:\/\/puzzle-it.de\/#website","url":"https:\/\/puzzle-it.de\/","name":"Puzzle-it","description":"SAP Dienstleistungen","publisher":{"@id":"https:\/\/puzzle-it.de\/#organization"},"potentialAction":[{"@type":"SearchAction","target":{"@type":"EntryPoint","urlTemplate":"https:\/\/puzzle-it.de\/?s={search_term_string}"},"query-input":{"@type":"PropertyValueSpecification","valueRequired":true,"valueName":"search_term_string"}}],"inLanguage":"de"},{"@type":"Organization","@id":"https:\/\/puzzle-it.de\/#organization","name":"SAP Dienstleitungen","url":"https:\/\/puzzle-it.de\/","logo":{"@type":"ImageObject","inLanguage":"de","@id":"https:\/\/puzzle-it.de\/#\/schema\/logo\/image\/","url":"https:\/\/puzzle-it.de\/wp-content\/uploads\/2026\/04\/logo.png","contentUrl":"https:\/\/puzzle-it.de\/wp-content\/uploads\/2026\/04\/logo.png","width":512,"height":512,"caption":"SAP Dienstleitungen"},"image":{"@id":"https:\/\/puzzle-it.de\/#\/schema\/logo\/image\/"}}]}},"_links":{"self":[{"href":"https:\/\/puzzle-it.de\/index.php\/wp-json\/wp\/v2\/pages\/11682","targetHints":{"allow":["GET"]}}],"collection":[{"href":"https:\/\/puzzle-it.de\/index.php\/wp-json\/wp\/v2\/pages"}],"about":[{"href":"https:\/\/puzzle-it.de\/index.php\/wp-json\/wp\/v2\/types\/page"}],"author":[{"embeddable":true,"href":"https:\/\/puzzle-it.de\/index.php\/wp-json\/wp\/v2\/users\/1"}],"replies":[{"embeddable":true,"href":"https:\/\/puzzle-it.de\/index.php\/wp-json\/wp\/v2\/comments?post=11682"}],"version-history":[{"count":268,"href":"https:\/\/puzzle-it.de\/index.php\/wp-json\/wp\/v2\/pages\/11682\/revisions"}],"predecessor-version":[{"id":12066,"href":"https:\/\/puzzle-it.de\/index.php\/wp-json\/wp\/v2\/pages\/11682\/revisions\/12066"}],"wp:attachment":[{"href":"https:\/\/puzzle-it.de\/index.php\/wp-json\/wp\/v2\/media?parent=11682"}],"curies":[{"name":"wp","href":"https:\/\/api.w.org\/{rel}","templated":true}]}}