{"id":12181,"date":"2026-04-28T16:21:10","date_gmt":"2026-04-28T16:21:10","guid":{"rendered":"https:\/\/puzzle-it.de\/?page_id=12181"},"modified":"2026-04-29T11:41:11","modified_gmt":"2026-04-29T11:41:11","slug":"kep-und-speditionsanbindung-in-sap","status":"publish","type":"page","link":"https:\/\/puzzle-it.de\/index.php\/kep-und-speditionsanbindung-in-sap\/","title":{"rendered":"KEP-  und Speditionsanbindung in SAP"},"content":{"rendered":"\t\t<div data-elementor-type=\"wp-page\" data-elementor-id=\"12181\" class=\"elementor elementor-12181\">\n\t\t\t\t\t\t<section class=\"elementor-section elementor-top-section elementor-element elementor-element-6024d0a elementor-section-full_width elementor-section-height-min-height elementor-section-height-default elementor-section-items-middle\" data-id=\"6024d0a\" data-element_type=\"section\" data-e-type=\"section\" data-settings=\"{&quot;background_background&quot;:&quot;classic&quot;}\">\n\t\t\t\t\t\t<div class=\"elementor-container elementor-column-gap-no\">\n\t\t\t\t\t<div class=\"elementor-column elementor-col-100 elementor-top-column elementor-element elementor-element-45b6b67\" data-id=\"45b6b67\" data-element_type=\"column\" data-e-type=\"column\">\n\t\t\t<div class=\"elementor-widget-wrap\">\n\t\t\t\t\t\t\t<\/div>\n\t\t<\/div>\n\t\t\t\t\t<\/div>\n\t\t<\/section>\n\t\t<div class=\"elementor-element elementor-element-aa831d4 e-flex e-con-boxed e-con e-parent\" data-id=\"aa831d4\" data-element_type=\"container\" data-e-type=\"container\">\n\t\t\t\t\t<div class=\"e-con-inner\">\n\t\t\t\t<div class=\"elementor-element elementor-element-56a891f elementor-widget elementor-widget-heading\" data-id=\"56a891f\" data-element_type=\"widget\" data-e-type=\"widget\" data-widget_type=\"heading.default\">\n\t\t\t\t<div class=\"elementor-widget-container\">\n\t\t\t\t\t<h2 class=\"elementor-heading-title elementor-size-default\">KEP-  und Speditionsanbindung in SAP<\/h2>\t\t\t\t<\/div>\n\t\t\t\t<\/div>\n\t\t\t\t\t<\/div>\n\t\t\t\t<\/div>\n\t\t<div class=\"elementor-element elementor-element-04a96ac e-flex e-con-boxed e-con e-parent\" data-id=\"04a96ac\" data-element_type=\"container\" data-e-type=\"container\">\n\t\t\t\t\t<div class=\"e-con-inner\">\n\t\t\t\t<div class=\"elementor-element elementor-element-2763bbe elementor-widget elementor-widget-text-editor\" data-id=\"2763bbe\" data-element_type=\"widget\" data-e-type=\"widget\" data-widget_type=\"text-editor.default\">\n\t\t\t\t<div class=\"elementor-widget-container\">\n\t\t\t\t\t\t\t\t\t<p>Wir sind Implemtierungspartner von DHL, UPS, HERMES, GLS u.s.w. .<\/p><p>Mit unser Anbindung ist eine schnelle und reibungslose Implemtierung in Echtzeit gew\u00e4hrleistet.<br \/>Fehlerhafte Belege k\u00f6nnen einafach storniert sowie der Spediteur \u00fcber eine Auswahldialog gewechselt werden\u00a0 \u00a0\u00a0<\/p><p>Die Abbildungen zeigen die\u00a0elektronische Schnittstelle zu UPS und DHL inkl. Labeldruck und Tracking aus Ihrem SAP-System heraus.<\/p>\t\t\t\t\t\t\t\t<\/div>\n\t\t\t\t<\/div>\n\t\t\t\t\t<\/div>\n\t\t\t\t<\/div>\n\t\t<div class=\"elementor-element elementor-element-33e3ba5 e-grid e-con-boxed e-con e-parent\" data-id=\"33e3ba5\" data-element_type=\"container\" data-e-type=\"container\" data-settings=\"{&quot;shape_divider_bottom&quot;:&quot;opacity-tilt&quot;}\">\n\t\t\t\t\t<div class=\"e-con-inner\">\n\t\t\t\t<div class=\"elementor-shape elementor-shape-bottom\" aria-hidden=\"true\" data-negative=\"false\">\n\t\t\t<svg xmlns=\"http:\/\/www.w3.org\/2000\/svg\" viewBox=\"0 0 2600 131.1\" preserveAspectRatio=\"none\">\n\t<path class=\"elementor-shape-fill\" d=\"M0 0L2600 0 2600 69.1 0 0z\"\/>\n\t<path class=\"elementor-shape-fill\" style=\"opacity:0.5\" d=\"M0 0L2600 0 2600 69.1 0 69.1z\"\/>\n\t<path class=\"elementor-shape-fill\" style=\"opacity:0.25\" d=\"M2600 0L0 0 0 130.1 2600 69.1z\"\/>\n<\/svg>\t\t<\/div>\n\t\t\t\t<div class=\"elementor-element elementor-element-f79be47 elementor-widget elementor-widget-image\" data-id=\"f79be47\" data-element_type=\"widget\" data-e-type=\"widget\" data-widget_type=\"image.default\">\n\t\t\t\t<div class=\"elementor-widget-container\">\n\t\t\t\t\t\t\t\t\t\t\t\t<figure class=\"wp-caption\">\n\t\t\t\t\t\t\t\t\t\t<img fetchpriority=\"high\" decoding=\"async\" width=\"300\" height=\"290\" src=\"https:\/\/puzzle-it.de\/wp-content\/uploads\/2026\/04\/UPS-300x290.png\" class=\"attachment-medium size-medium wp-image-12223\" alt=\"\" srcset=\"https:\/\/puzzle-it.de\/wp-content\/uploads\/2026\/04\/UPS-300x290.png 300w, https:\/\/puzzle-it.de\/wp-content\/uploads\/2026\/04\/UPS-768x741.png 768w, https:\/\/puzzle-it.de\/wp-content\/uploads\/2026\/04\/UPS.png 974w\" sizes=\"(max-width: 300px) 100vw, 300px\" \/>\t\t\t\t\t\t\t\t\t\t\t<figcaption class=\"widget-image-caption wp-caption-text\">UPS Label<\/figcaption>\n\t\t\t\t\t\t\t\t\t\t<\/figure>\n\t\t\t\t\t\t\t\t\t<\/div>\n\t\t\t\t<\/div>\n\t\t\t\t<div class=\"elementor-element elementor-element-8d39cf6 elementor-widget elementor-widget-image\" data-id=\"8d39cf6\" data-element_type=\"widget\" data-e-type=\"widget\" data-widget_type=\"image.default\">\n\t\t\t\t<div class=\"elementor-widget-container\">\n\t\t\t\t\t\t\t\t\t\t\t\t<figure class=\"wp-caption\">\n\t\t\t\t\t\t\t\t\t\t<img decoding=\"async\" width=\"300\" height=\"291\" src=\"https:\/\/puzzle-it.de\/wp-content\/uploads\/2026\/04\/UPS_Tracking-300x291.png\" class=\"attachment-medium size-medium wp-image-12256\" alt=\"\" srcset=\"https:\/\/puzzle-it.de\/wp-content\/uploads\/2026\/04\/UPS_Tracking-300x291.png 300w, https:\/\/puzzle-it.de\/wp-content\/uploads\/2026\/04\/UPS_Tracking-768x745.png 768w, https:\/\/puzzle-it.de\/wp-content\/uploads\/2026\/04\/UPS_Tracking.png 974w\" sizes=\"(max-width: 300px) 100vw, 300px\" \/>\t\t\t\t\t\t\t\t\t\t\t<figcaption class=\"widget-image-caption wp-caption-text\">UPS Tracking<\/figcaption>\n\t\t\t\t\t\t\t\t\t\t<\/figure>\n\t\t\t\t\t\t\t\t\t<\/div>\n\t\t\t\t<\/div>\n\t\t\t\t<div class=\"elementor-element elementor-element-cfa199c elementor-widget elementor-widget-image\" data-id=\"cfa199c\" data-element_type=\"widget\" data-e-type=\"widget\" data-widget_type=\"image.default\">\n\t\t\t\t<div class=\"elementor-widget-container\">\n\t\t\t\t\t\t\t\t\t\t\t\t<figure class=\"wp-caption\">\n\t\t\t\t\t\t\t\t\t\t<img decoding=\"async\" width=\"300\" height=\"293\" src=\"https:\/\/puzzle-it.de\/wp-content\/uploads\/2026\/04\/DHL-300x293.png\" class=\"attachment-medium size-medium wp-image-12266\" alt=\"\" srcset=\"https:\/\/puzzle-it.de\/wp-content\/uploads\/2026\/04\/DHL-300x293.png 300w, https:\/\/puzzle-it.de\/wp-content\/uploads\/2026\/04\/DHL-768x749.png 768w, https:\/\/puzzle-it.de\/wp-content\/uploads\/2026\/04\/DHL.png 974w\" sizes=\"(max-width: 300px) 100vw, 300px\" \/>\t\t\t\t\t\t\t\t\t\t\t<figcaption class=\"widget-image-caption wp-caption-text\">DHL Label<\/figcaption>\n\t\t\t\t\t\t\t\t\t\t<\/figure>\n\t\t\t\t\t\t\t\t\t<\/div>\n\t\t\t\t<\/div>\n\t\t\t\t<div class=\"elementor-element elementor-element-7a9a5ac elementor-widget elementor-widget-image\" data-id=\"7a9a5ac\" data-element_type=\"widget\" data-e-type=\"widget\" data-widget_type=\"image.default\">\n\t\t\t\t<div class=\"elementor-widget-container\">\n\t\t\t\t\t\t\t\t\t\t\t\t<figure class=\"wp-caption\">\n\t\t\t\t\t\t\t\t\t\t<img loading=\"lazy\" decoding=\"async\" width=\"300\" height=\"293\" src=\"https:\/\/puzzle-it.de\/wp-content\/uploads\/2026\/04\/DHL_Tracking-300x293.png\" class=\"attachment-medium size-medium wp-image-12267\" alt=\"\" srcset=\"https:\/\/puzzle-it.de\/wp-content\/uploads\/2026\/04\/DHL_Tracking-300x293.png 300w, https:\/\/puzzle-it.de\/wp-content\/uploads\/2026\/04\/DHL_Tracking-768x749.png 768w, https:\/\/puzzle-it.de\/wp-content\/uploads\/2026\/04\/DHL_Tracking.png 974w\" sizes=\"(max-width: 300px) 100vw, 300px\" \/>\t\t\t\t\t\t\t\t\t\t\t<figcaption class=\"widget-image-caption wp-caption-text\">DHL Tracking<\/figcaption>\n\t\t\t\t\t\t\t\t\t\t<\/figure>\n\t\t\t\t\t\t\t\t\t<\/div>\n\t\t\t\t<\/div>\n\t\t\t\t\t<\/div>\n\t\t\t\t<\/div>\n\t\t\t\t<\/div>\n\t\t","protected":false},"excerpt":{"rendered":"<p>KEP- und Speditionsanbindung in SAP Wir sind Implemtierungspartner von DHL, UPS, HERMES, GLS u.s.w. . Mit unser Anbindung ist eine schnelle und reibungslose Implemtierung in Echtzeit gew\u00e4hrleistet.Fehlerhafte Belege k\u00f6nnen einafach storniert sowie der Spediteur \u00fcber eine Auswahldialog gewechselt werden\u00a0 \u00a0\u00a0 Die Abbildungen zeigen die\u00a0elektronische Schnittstelle zu UPS und DHL inkl. Labeldruck und Tracking aus Ihrem [&hellip;]<\/p>\n","protected":false},"author":1,"featured_media":0,"parent":0,"menu_order":0,"comment_status":"closed","ping_status":"closed","template":"page-full-width.php","meta":{"footnotes":""},"class_list":["post-12181","page","type-page","status-publish","hentry"],"yoast_head":"<!-- This site is optimized with the Yoast SEO plugin v27.5 - https:\/\/yoast.com\/product\/yoast-seo-wordpress\/ -->\n<title>GLS Partner: Ihr zuverl\u00e4ssiger Versanddienstleister - Puzzle-it<\/title>\n<meta name=\"description\" content=\"Paket- und Expressversand ist unser Business. Das Besondere: Wir liefern nicht einfach nur von A nach B \u2013 wir liefern vor allem von Mensch zu Mensch! Ob f\u00fcr gewerbliche oder private Empf\u00e4nger, ob national oder weltweit. Zuverl\u00e4ssig, schnell und klimaneutral durchKompensation*.\" \/>\n<meta name=\"robots\" content=\"index, follow, max-snippet:-1, max-image-preview:large, max-video-preview:-1\" \/>\n<link rel=\"canonical\" href=\"https:\/\/puzzle-it.de\/index.php\/kep-und-speditionsanbindung-in-sap\/\" \/>\n<meta property=\"og:locale\" content=\"de_DE\" \/>\n<meta property=\"og:type\" content=\"article\" \/>\n<meta property=\"og:title\" content=\"GLS Partner: Ihr zuverl\u00e4ssiger Versanddienstleister - Puzzle-it\" \/>\n<meta property=\"og:description\" content=\"Paket- und Expressversand ist unser Business. Das Besondere: Wir liefern nicht einfach nur von A nach B \u2013 wir liefern vor allem von Mensch zu Mensch! Ob f\u00fcr gewerbliche oder private Empf\u00e4nger, ob national oder weltweit. Zuverl\u00e4ssig, schnell und klimaneutral durchKompensation*.\" \/>\n<meta property=\"og:url\" content=\"https:\/\/puzzle-it.de\/index.php\/kep-und-speditionsanbindung-in-sap\/\" \/>\n<meta property=\"og:site_name\" content=\"Puzzle-it\" \/>\n<meta property=\"article:modified_time\" content=\"2026-04-29T11:41:11+00:00\" \/>\n<meta property=\"og:image\" content=\"https:\/\/puzzle-it.de\/wp-content\/uploads\/2026\/04\/UPS.png\" \/>\n\t<meta property=\"og:image:width\" content=\"974\" \/>\n\t<meta property=\"og:image:height\" content=\"940\" \/>\n\t<meta property=\"og:image:type\" content=\"image\/png\" \/>\n<meta name=\"twitter:card\" content=\"summary_large_image\" \/>\n<meta name=\"twitter:label1\" content=\"Gesch\u00e4tzte Lesezeit\" \/>\n\t<meta name=\"twitter:data1\" content=\"2\u00a0Minuten\" \/>\n<script type=\"application\/ld+json\" class=\"yoast-schema-graph\">{\"@context\":\"https:\\\/\\\/schema.org\",\"@graph\":[{\"@type\":\"WebPage\",\"@id\":\"https:\\\/\\\/puzzle-it.de\\\/index.php\\\/kep-und-speditionsanbindung-in-sap\\\/\",\"url\":\"https:\\\/\\\/puzzle-it.de\\\/index.php\\\/kep-und-speditionsanbindung-in-sap\\\/\",\"name\":\"GLS Partner: Ihr zuverl\u00e4ssiger Versanddienstleister - Puzzle-it\",\"isPartOf\":{\"@id\":\"https:\\\/\\\/puzzle-it.de\\\/#website\"},\"primaryImageOfPage\":{\"@id\":\"https:\\\/\\\/puzzle-it.de\\\/index.php\\\/kep-und-speditionsanbindung-in-sap\\\/#primaryimage\"},\"image\":{\"@id\":\"https:\\\/\\\/puzzle-it.de\\\/index.php\\\/kep-und-speditionsanbindung-in-sap\\\/#primaryimage\"},\"thumbnailUrl\":\"https:\\\/\\\/puzzle-it.de\\\/wp-content\\\/uploads\\\/2026\\\/04\\\/UPS-300x290.png\",\"datePublished\":\"2026-04-28T16:21:10+00:00\",\"dateModified\":\"2026-04-29T11:41:11+00:00\",\"description\":\"Paket- und Expressversand ist unser Business. Das Besondere: Wir liefern nicht einfach nur von A nach B \u2013 wir liefern vor allem von Mensch zu Mensch! Ob f\u00fcr gewerbliche oder private Empf\u00e4nger, ob national oder weltweit. Zuverl\u00e4ssig, schnell und klimaneutral durchKompensation*.\",\"breadcrumb\":{\"@id\":\"https:\\\/\\\/puzzle-it.de\\\/index.php\\\/kep-und-speditionsanbindung-in-sap\\\/#breadcrumb\"},\"inLanguage\":\"de\",\"potentialAction\":[{\"@type\":\"ReadAction\",\"target\":[\"https:\\\/\\\/puzzle-it.de\\\/index.php\\\/kep-und-speditionsanbindung-in-sap\\\/\"]}]},{\"@type\":\"ImageObject\",\"inLanguage\":\"de\",\"@id\":\"https:\\\/\\\/puzzle-it.de\\\/index.php\\\/kep-und-speditionsanbindung-in-sap\\\/#primaryimage\",\"url\":\"https:\\\/\\\/puzzle-it.de\\\/wp-content\\\/uploads\\\/2026\\\/04\\\/UPS.png\",\"contentUrl\":\"https:\\\/\\\/puzzle-it.de\\\/wp-content\\\/uploads\\\/2026\\\/04\\\/UPS.png\",\"width\":974,\"height\":940,\"caption\":\"UPS, DHL, Hermes, GLS Implementierung\"},{\"@type\":\"BreadcrumbList\",\"@id\":\"https:\\\/\\\/puzzle-it.de\\\/index.php\\\/kep-und-speditionsanbindung-in-sap\\\/#breadcrumb\",\"itemListElement\":[{\"@type\":\"ListItem\",\"position\":1,\"name\":\"Start\",\"item\":\"https:\\\/\\\/puzzle-it.de\\\/\"},{\"@type\":\"ListItem\",\"position\":2,\"name\":\"KEP- und Speditionsanbindung in SAP\"}]},{\"@type\":\"WebSite\",\"@id\":\"https:\\\/\\\/puzzle-it.de\\\/#website\",\"url\":\"https:\\\/\\\/puzzle-it.de\\\/\",\"name\":\"Puzzle-it\",\"description\":\"SAP Dienstleistungen\",\"publisher\":{\"@id\":\"https:\\\/\\\/puzzle-it.de\\\/#organization\"},\"potentialAction\":[{\"@type\":\"SearchAction\",\"target\":{\"@type\":\"EntryPoint\",\"urlTemplate\":\"https:\\\/\\\/puzzle-it.de\\\/?s={search_term_string}\"},\"query-input\":{\"@type\":\"PropertyValueSpecification\",\"valueRequired\":true,\"valueName\":\"search_term_string\"}}],\"inLanguage\":\"de\"},{\"@type\":\"Organization\",\"@id\":\"https:\\\/\\\/puzzle-it.de\\\/#organization\",\"name\":\"SAP Dienstleitungen\",\"url\":\"https:\\\/\\\/puzzle-it.de\\\/\",\"logo\":{\"@type\":\"ImageObject\",\"inLanguage\":\"de\",\"@id\":\"https:\\\/\\\/puzzle-it.de\\\/#\\\/schema\\\/logo\\\/image\\\/\",\"url\":\"https:\\\/\\\/puzzle-it.de\\\/wp-content\\\/uploads\\\/2026\\\/04\\\/logo.png\",\"contentUrl\":\"https:\\\/\\\/puzzle-it.de\\\/wp-content\\\/uploads\\\/2026\\\/04\\\/logo.png\",\"width\":512,\"height\":512,\"caption\":\"SAP Dienstleitungen\"},\"image\":{\"@id\":\"https:\\\/\\\/puzzle-it.de\\\/#\\\/schema\\\/logo\\\/image\\\/\"}}]}<\/script>\n<!-- \/ Yoast SEO plugin. -->","yoast_head_json":{"title":"GLS Partner: Ihr zuverl\u00e4ssiger Versanddienstleister - Puzzle-it","description":"Paket- und Expressversand ist unser Business. Das Besondere: Wir liefern nicht einfach nur von A nach B \u2013 wir liefern vor allem von Mensch zu Mensch! Ob f\u00fcr gewerbliche oder private Empf\u00e4nger, ob national oder weltweit. Zuverl\u00e4ssig, schnell und klimaneutral durchKompensation*.","robots":{"index":"index","follow":"follow","max-snippet":"max-snippet:-1","max-image-preview":"max-image-preview:large","max-video-preview":"max-video-preview:-1"},"canonical":"https:\/\/puzzle-it.de\/index.php\/kep-und-speditionsanbindung-in-sap\/","og_locale":"de_DE","og_type":"article","og_title":"GLS Partner: Ihr zuverl\u00e4ssiger Versanddienstleister - Puzzle-it","og_description":"Paket- und Expressversand ist unser Business. Das Besondere: Wir liefern nicht einfach nur von A nach B \u2013 wir liefern vor allem von Mensch zu Mensch! Ob f\u00fcr gewerbliche oder private Empf\u00e4nger, ob national oder weltweit. Zuverl\u00e4ssig, schnell und klimaneutral durchKompensation*.","og_url":"https:\/\/puzzle-it.de\/index.php\/kep-und-speditionsanbindung-in-sap\/","og_site_name":"Puzzle-it","article_modified_time":"2026-04-29T11:41:11+00:00","og_image":[{"width":974,"height":940,"url":"https:\/\/puzzle-it.de\/wp-content\/uploads\/2026\/04\/UPS.png","type":"image\/png"}],"twitter_card":"summary_large_image","twitter_misc":{"Gesch\u00e4tzte Lesezeit":"2\u00a0Minuten"},"schema":{"@context":"https:\/\/schema.org","@graph":[{"@type":"WebPage","@id":"https:\/\/puzzle-it.de\/index.php\/kep-und-speditionsanbindung-in-sap\/","url":"https:\/\/puzzle-it.de\/index.php\/kep-und-speditionsanbindung-in-sap\/","name":"GLS Partner: Ihr zuverl\u00e4ssiger Versanddienstleister - Puzzle-it","isPartOf":{"@id":"https:\/\/puzzle-it.de\/#website"},"primaryImageOfPage":{"@id":"https:\/\/puzzle-it.de\/index.php\/kep-und-speditionsanbindung-in-sap\/#primaryimage"},"image":{"@id":"https:\/\/puzzle-it.de\/index.php\/kep-und-speditionsanbindung-in-sap\/#primaryimage"},"thumbnailUrl":"https:\/\/puzzle-it.de\/wp-content\/uploads\/2026\/04\/UPS-300x290.png","datePublished":"2026-04-28T16:21:10+00:00","dateModified":"2026-04-29T11:41:11+00:00","description":"Paket- und Expressversand ist unser Business. Das Besondere: Wir liefern nicht einfach nur von A nach B \u2013 wir liefern vor allem von Mensch zu Mensch! Ob f\u00fcr gewerbliche oder private Empf\u00e4nger, ob national oder weltweit. Zuverl\u00e4ssig, schnell und klimaneutral durchKompensation*.","breadcrumb":{"@id":"https:\/\/puzzle-it.de\/index.php\/kep-und-speditionsanbindung-in-sap\/#breadcrumb"},"inLanguage":"de","potentialAction":[{"@type":"ReadAction","target":["https:\/\/puzzle-it.de\/index.php\/kep-und-speditionsanbindung-in-sap\/"]}]},{"@type":"ImageObject","inLanguage":"de","@id":"https:\/\/puzzle-it.de\/index.php\/kep-und-speditionsanbindung-in-sap\/#primaryimage","url":"https:\/\/puzzle-it.de\/wp-content\/uploads\/2026\/04\/UPS.png","contentUrl":"https:\/\/puzzle-it.de\/wp-content\/uploads\/2026\/04\/UPS.png","width":974,"height":940,"caption":"UPS, DHL, Hermes, GLS Implementierung"},{"@type":"BreadcrumbList","@id":"https:\/\/puzzle-it.de\/index.php\/kep-und-speditionsanbindung-in-sap\/#breadcrumb","itemListElement":[{"@type":"ListItem","position":1,"name":"Start","item":"https:\/\/puzzle-it.de\/"},{"@type":"ListItem","position":2,"name":"KEP- und Speditionsanbindung in SAP"}]},{"@type":"WebSite","@id":"https:\/\/puzzle-it.de\/#website","url":"https:\/\/puzzle-it.de\/","name":"Puzzle-it","description":"SAP Dienstleistungen","publisher":{"@id":"https:\/\/puzzle-it.de\/#organization"},"potentialAction":[{"@type":"SearchAction","target":{"@type":"EntryPoint","urlTemplate":"https:\/\/puzzle-it.de\/?s={search_term_string}"},"query-input":{"@type":"PropertyValueSpecification","valueRequired":true,"valueName":"search_term_string"}}],"inLanguage":"de"},{"@type":"Organization","@id":"https:\/\/puzzle-it.de\/#organization","name":"SAP Dienstleitungen","url":"https:\/\/puzzle-it.de\/","logo":{"@type":"ImageObject","inLanguage":"de","@id":"https:\/\/puzzle-it.de\/#\/schema\/logo\/image\/","url":"https:\/\/puzzle-it.de\/wp-content\/uploads\/2026\/04\/logo.png","contentUrl":"https:\/\/puzzle-it.de\/wp-content\/uploads\/2026\/04\/logo.png","width":512,"height":512,"caption":"SAP Dienstleitungen"},"image":{"@id":"https:\/\/puzzle-it.de\/#\/schema\/logo\/image\/"}}]}},"_links":{"self":[{"href":"https:\/\/puzzle-it.de\/index.php\/wp-json\/wp\/v2\/pages\/12181","targetHints":{"allow":["GET"]}}],"collection":[{"href":"https:\/\/puzzle-it.de\/index.php\/wp-json\/wp\/v2\/pages"}],"about":[{"href":"https:\/\/puzzle-it.de\/index.php\/wp-json\/wp\/v2\/types\/page"}],"author":[{"embeddable":true,"href":"https:\/\/puzzle-it.de\/index.php\/wp-json\/wp\/v2\/users\/1"}],"replies":[{"embeddable":true,"href":"https:\/\/puzzle-it.de\/index.php\/wp-json\/wp\/v2\/comments?post=12181"}],"version-history":[{"count":70,"href":"https:\/\/puzzle-it.de\/index.php\/wp-json\/wp\/v2\/pages\/12181\/revisions"}],"predecessor-version":[{"id":12285,"href":"https:\/\/puzzle-it.de\/index.php\/wp-json\/wp\/v2\/pages\/12181\/revisions\/12285"}],"wp:attachment":[{"href":"https:\/\/puzzle-it.de\/index.php\/wp-json\/wp\/v2\/media?parent=12181"}],"curies":[{"name":"wp","href":"https:\/\/api.w.org\/{rel}","templated":true}]}}