{"id":12197,"date":"2026-04-28T16:44:10","date_gmt":"2026-04-28T16:44:10","guid":{"rendered":"https:\/\/puzzle-it.de\/?page_id=12197"},"modified":"2026-04-28T16:57:37","modified_gmt":"2026-04-28T16:57:37","slug":"sap-formularentwicklung","status":"publish","type":"page","link":"https:\/\/puzzle-it.de\/index.php\/sap-formularentwicklung\/","title":{"rendered":"SAP Formularentwicklung \/ E-Rechnung"},"content":{"rendered":"\t\t<div data-elementor-type=\"wp-page\" data-elementor-id=\"12197\" class=\"elementor elementor-12197\">\n\t\t\t\t\t\t<section class=\"elementor-section elementor-top-section elementor-element elementor-element-6024d0a elementor-section-full_width elementor-section-height-min-height elementor-section-height-default elementor-section-items-middle\" data-id=\"6024d0a\" data-element_type=\"section\" data-e-type=\"section\" data-settings=\"{&quot;background_background&quot;:&quot;classic&quot;}\">\n\t\t\t\t\t\t<div class=\"elementor-container elementor-column-gap-no\">\n\t\t\t\t\t<div class=\"elementor-column elementor-col-100 elementor-top-column elementor-element elementor-element-45b6b67\" data-id=\"45b6b67\" data-element_type=\"column\" data-e-type=\"column\">\n\t\t\t<div class=\"elementor-widget-wrap\">\n\t\t\t\t\t\t\t<\/div>\n\t\t<\/div>\n\t\t\t\t\t<\/div>\n\t\t<\/section>\n\t\t<div class=\"elementor-element elementor-element-aa831d4 e-flex e-con-boxed e-con e-parent\" data-id=\"aa831d4\" data-element_type=\"container\" data-e-type=\"container\">\n\t\t\t\t\t<div class=\"e-con-inner\">\n\t\t\t\t<div class=\"elementor-element elementor-element-56a891f elementor-widget elementor-widget-heading\" data-id=\"56a891f\" data-element_type=\"widget\" data-e-type=\"widget\" data-widget_type=\"heading.default\">\n\t\t\t\t<div class=\"elementor-widget-container\">\n\t\t\t\t\t<h2 class=\"elementor-heading-title elementor-size-default\">SAP Formularentwicklung \/ E-Rechnung<\/h2>\t\t\t\t<\/div>\n\t\t\t\t<\/div>\n\t\t\t\t\t<\/div>\n\t\t\t\t<\/div>\n\t\t<div class=\"elementor-element elementor-element-04a96ac e-flex e-con-boxed e-con e-parent\" data-id=\"04a96ac\" data-element_type=\"container\" data-e-type=\"container\">\n\t\t\t\t\t<div class=\"e-con-inner\">\n\t\t\t\t<div class=\"elementor-element elementor-element-2763bbe elementor-widget elementor-widget-text-editor\" data-id=\"2763bbe\" data-element_type=\"widget\" data-e-type=\"widget\" data-widget_type=\"text-editor.default\">\n\t\t\t\t<div class=\"elementor-widget-container\">\n\t\t\t\t\t\t\t\t\t<h5>Formularentwicklung mit SAP Interactive Forms by Adobe \u00a9<\/h5><p>SAP Interactive Forms von Adobe ist die neueste Formulartechnologie von SAP. Sie wurde 2005 auf den Markt gebracht. Immer mehr SAP Kunden setzen auf die zukunftsorientierte Formulartechnologie \u201eAdobe Forms by SAP\u201c und ersetzen dabei damit die bestehenden Formulartechnologien wie SapScript und SmartForms. Im SAP ECC 6.0 EHP4 existieren bereits mehr als 2.500 Adobe Formulare, die von SAP ausgeliefert werden.<\/p><p>Wir sind Experten und unterst\u00fczen Sie gerne bei der Entwicklung von Etiketten und Formularen, \u00fcbernehmen die Anbindung von Druckern und installieren die n\u00f6tigen Komponenten .<\/p><p>Bild 1 Adobe Livecycle Designer \u2013 Editieransicht 5 Bahnen mit Bar- und QR-Code im Wechsel inkl. \u00dcbersichtsseite oben.<\/p><p>Die \u00dcbersichtsseite wird im Wechsel nach X000 Etiketten angezeigt.<\/p><p>Problematisch ist in diesem Fall die Gr\u00f6sse (150 MB) des Formularinhaltes bzw. PDF.<\/p><p>SAP ADS verwendet die SOAP Technolgie zum \u00dcbertragen des Formulars zwischen dem ADS und dem SAP Server.<\/p><p>Bei grossen Formularen kann es zu Speicherproblemen kommen, die eine komplettte Verarbeitung unm\u00f6glich machen. Um das Problem zu umgehen, gibt es unz\u00e4hlige Parameter (in diesem Bespiel: Bundlemode = M mit Verwendung der Klasse cl_rspo_pdf_merge) zur Steuerung der Ausgabe im Druckprogramm.<\/p><p>Ein weitere Herausforderung ist das Darstellen von Graut\u00f6nen auf dem ZEBRA Drucker.<\/p><p>Dazu ist viel Wissen und Erfahrung als Adobe Formularentwickler notwendig \u2013haben wir.<\/p>\t\t\t\t\t\t\t\t<\/div>\n\t\t\t\t<\/div>\n\t\t\t\t\t\t\t\n\t\t<img class=\"e-image-base \" \n\t\t\t\t\tdata-interaction-id=\"c665c24\" \n\t\t \n\t\t \n\t\t\t\t\t\t\t\t\tid=\"12199\"\n\t\t\t\t\t\t\t\t\t\t\t\tsrc=\"https:\/\/puzzle-it.de\/wp-content\/uploads\/2026\/04\/adobe-1-1024x534-1.png\"\n\t\t\t\t\t\t\t\t\t\t\t\twidth=\"1024\"\n\t\t\t\t\t\t\t\t\t\t\t\theight=\"534\"\n\t\t\t\t\t\t\t\t\t\t\t\tsrcset=\"https:\/\/puzzle-it.de\/wp-content\/uploads\/2026\/04\/adobe-1-1024x534-1.png 1024w, https:\/\/puzzle-it.de\/wp-content\/uploads\/2026\/04\/adobe-1-1024x534-1-300x156.png 300w, https:\/\/puzzle-it.de\/wp-content\/uploads\/2026\/04\/adobe-1-1024x534-1-768x401.png 768w\"\n\t\t\t\t\t\t\t\t\t\t\t\talt=\"\"\n\t\t\t\t\t\t\/>\n\t\t\t\t\t<div class=\"elementor-element elementor-element-d30e871 elementor-widget elementor-widget-image\" data-id=\"d30e871\" data-element_type=\"widget\" data-e-type=\"widget\" data-widget_type=\"image.default\">\n\t\t\t\t<div class=\"elementor-widget-container\">\n\t\t\t\t\t\t\t\t\t\t\t\t\t\t\t<img fetchpriority=\"high\" decoding=\"async\" width=\"1024\" height=\"808\" src=\"https:\/\/puzzle-it.de\/wp-content\/uploads\/2026\/04\/auflage-1-1024x808-1.jpg\" class=\"attachment-large size-large wp-image-12200\" alt=\"ADOBE Formularentwicklung\" srcset=\"https:\/\/puzzle-it.de\/wp-content\/uploads\/2026\/04\/auflage-1-1024x808-1.jpg 1024w, https:\/\/puzzle-it.de\/wp-content\/uploads\/2026\/04\/auflage-1-1024x808-1-300x237.jpg 300w, https:\/\/puzzle-it.de\/wp-content\/uploads\/2026\/04\/auflage-1-1024x808-1-768x606.jpg 768w\" sizes=\"(max-width: 1024px) 100vw, 1024px\" \/>\t\t\t\t\t\t\t\t\t\t\t\t\t\t\t<\/div>\n\t\t\t\t<\/div>\n\t\t\t\t\t<\/div>\n\t\t\t\t<\/div>\n\t\t<div class=\"elementor-element elementor-element-7ad6ca3 e-flex e-con-boxed e-con e-parent\" data-id=\"7ad6ca3\" data-element_type=\"container\" data-e-type=\"container\" data-settings=\"{&quot;shape_divider_bottom&quot;:&quot;opacity-tilt&quot;}\">\n\t\t\t\t\t<div class=\"e-con-inner\">\n\t\t\t\t<div class=\"elementor-shape elementor-shape-bottom\" aria-hidden=\"true\" data-negative=\"false\">\n\t\t\t<svg xmlns=\"http:\/\/www.w3.org\/2000\/svg\" viewBox=\"0 0 2600 131.1\" preserveAspectRatio=\"none\">\n\t<path class=\"elementor-shape-fill\" d=\"M0 0L2600 0 2600 69.1 0 0z\"\/>\n\t<path class=\"elementor-shape-fill\" style=\"opacity:0.5\" d=\"M0 0L2600 0 2600 69.1 0 69.1z\"\/>\n\t<path class=\"elementor-shape-fill\" style=\"opacity:0.25\" d=\"M2600 0L0 0 0 130.1 2600 69.1z\"\/>\n<\/svg>\t\t<\/div>\n\t\t\t\t\t<\/div>\n\t\t\t\t<\/div>\n\t\t\t\t<\/div>\n\t\t","protected":false},"excerpt":{"rendered":"<p>SAP Formularentwicklung \/ E-Rechnung Formularentwicklung mit SAP Interactive Forms by Adobe \u00a9 SAP Interactive Forms von Adobe ist die neueste Formulartechnologie von SAP. Sie wurde 2005 auf den Markt gebracht. Immer mehr SAP Kunden setzen auf die zukunftsorientierte Formulartechnologie \u201eAdobe Forms by SAP\u201c und ersetzen dabei damit die bestehenden Formulartechnologien wie SapScript und SmartForms. Im [&hellip;]<\/p>\n","protected":false},"author":1,"featured_media":0,"parent":0,"menu_order":0,"comment_status":"closed","ping_status":"closed","template":"page-full-width.php","meta":{"footnotes":""},"class_list":["post-12197","page","type-page","status-publish","hentry"],"yoast_head":"<!-- This site is optimized with the Yoast SEO plugin v27.5 - https:\/\/yoast.com\/product\/yoast-seo-wordpress\/ -->\n<title>SAP Formularentwicklung f\u00fcr moderne Anwendungen -<\/title>\n<meta name=\"description\" content=\"Entdecken Sie die Vorteile der SAP Formularentwicklung. Ersetzen Sie alte Technologien durch neue Adobe Forms f\u00fcr Ihr Unternehmen.\" \/>\n<meta name=\"robots\" content=\"index, follow, max-snippet:-1, max-image-preview:large, max-video-preview:-1\" \/>\n<link rel=\"canonical\" href=\"https:\/\/puzzle-it.de\/index.php\/sap-formularentwicklung\/\" \/>\n<meta property=\"og:locale\" content=\"de_DE\" \/>\n<meta property=\"og:type\" content=\"article\" \/>\n<meta property=\"og:title\" content=\"SAP Formularentwicklung f\u00fcr moderne Anwendungen -\" \/>\n<meta property=\"og:description\" content=\"Entdecken Sie die Vorteile der SAP Formularentwicklung. Ersetzen Sie alte Technologien durch neue Adobe Forms f\u00fcr Ihr Unternehmen.\" \/>\n<meta property=\"og:url\" content=\"https:\/\/puzzle-it.de\/index.php\/sap-formularentwicklung\/\" \/>\n<meta property=\"og:site_name\" content=\"Puzzle-it\" \/>\n<meta property=\"article:modified_time\" content=\"2026-04-28T16:57:37+00:00\" \/>\n<meta property=\"og:image\" content=\"https:\/\/puzzle-it.de\/wp-content\/uploads\/2026\/04\/adobe-1-1024x534-1.png\" \/>\n<meta name=\"twitter:card\" content=\"summary_large_image\" \/>\n<meta name=\"twitter:label1\" content=\"Gesch\u00e4tzte Lesezeit\" \/>\n\t<meta name=\"twitter:data1\" content=\"2\u00a0Minuten\" \/>\n<script type=\"application\/ld+json\" class=\"yoast-schema-graph\">{\"@context\":\"https:\\\/\\\/schema.org\",\"@graph\":[{\"@type\":\"WebPage\",\"@id\":\"https:\\\/\\\/puzzle-it.de\\\/index.php\\\/sap-formularentwicklung\\\/\",\"url\":\"https:\\\/\\\/puzzle-it.de\\\/index.php\\\/sap-formularentwicklung\\\/\",\"name\":\"SAP Formularentwicklung f\u00fcr moderne Anwendungen -\",\"isPartOf\":{\"@id\":\"https:\\\/\\\/puzzle-it.de\\\/#website\"},\"primaryImageOfPage\":{\"@id\":\"https:\\\/\\\/puzzle-it.de\\\/index.php\\\/sap-formularentwicklung\\\/#primaryimage\"},\"image\":{\"@id\":\"https:\\\/\\\/puzzle-it.de\\\/index.php\\\/sap-formularentwicklung\\\/#primaryimage\"},\"thumbnailUrl\":\"https:\\\/\\\/puzzle-it.de\\\/wp-content\\\/uploads\\\/2026\\\/04\\\/adobe-1-1024x534-1.png\",\"datePublished\":\"2026-04-28T16:44:10+00:00\",\"dateModified\":\"2026-04-28T16:57:37+00:00\",\"description\":\"Entdecken Sie die Vorteile der SAP Formularentwicklung. Ersetzen Sie alte Technologien durch neue Adobe Forms f\u00fcr Ihr Unternehmen.\",\"breadcrumb\":{\"@id\":\"https:\\\/\\\/puzzle-it.de\\\/index.php\\\/sap-formularentwicklung\\\/#breadcrumb\"},\"inLanguage\":\"de\",\"potentialAction\":[{\"@type\":\"ReadAction\",\"target\":[\"https:\\\/\\\/puzzle-it.de\\\/index.php\\\/sap-formularentwicklung\\\/\"]}]},{\"@type\":\"ImageObject\",\"inLanguage\":\"de\",\"@id\":\"https:\\\/\\\/puzzle-it.de\\\/index.php\\\/sap-formularentwicklung\\\/#primaryimage\",\"url\":\"https:\\\/\\\/puzzle-it.de\\\/wp-content\\\/uploads\\\/2026\\\/04\\\/adobe-1-1024x534-1.png\",\"contentUrl\":\"https:\\\/\\\/puzzle-it.de\\\/wp-content\\\/uploads\\\/2026\\\/04\\\/adobe-1-1024x534-1.png\",\"width\":1024,\"height\":534,\"caption\":\"ADOBE Formularentwicklung\"},{\"@type\":\"BreadcrumbList\",\"@id\":\"https:\\\/\\\/puzzle-it.de\\\/index.php\\\/sap-formularentwicklung\\\/#breadcrumb\",\"itemListElement\":[{\"@type\":\"ListItem\",\"position\":1,\"name\":\"Start\",\"item\":\"https:\\\/\\\/puzzle-it.de\\\/\"},{\"@type\":\"ListItem\",\"position\":2,\"name\":\"SAP Formularentwicklung \\\/ E-Rechnung\"}]},{\"@type\":\"WebSite\",\"@id\":\"https:\\\/\\\/puzzle-it.de\\\/#website\",\"url\":\"https:\\\/\\\/puzzle-it.de\\\/\",\"name\":\"Puzzle-it\",\"description\":\"SAP Dienstleistungen\",\"publisher\":{\"@id\":\"https:\\\/\\\/puzzle-it.de\\\/#organization\"},\"potentialAction\":[{\"@type\":\"SearchAction\",\"target\":{\"@type\":\"EntryPoint\",\"urlTemplate\":\"https:\\\/\\\/puzzle-it.de\\\/?s={search_term_string}\"},\"query-input\":{\"@type\":\"PropertyValueSpecification\",\"valueRequired\":true,\"valueName\":\"search_term_string\"}}],\"inLanguage\":\"de\"},{\"@type\":\"Organization\",\"@id\":\"https:\\\/\\\/puzzle-it.de\\\/#organization\",\"name\":\"SAP Dienstleitungen\",\"url\":\"https:\\\/\\\/puzzle-it.de\\\/\",\"logo\":{\"@type\":\"ImageObject\",\"inLanguage\":\"de\",\"@id\":\"https:\\\/\\\/puzzle-it.de\\\/#\\\/schema\\\/logo\\\/image\\\/\",\"url\":\"https:\\\/\\\/puzzle-it.de\\\/wp-content\\\/uploads\\\/2026\\\/04\\\/logo.png\",\"contentUrl\":\"https:\\\/\\\/puzzle-it.de\\\/wp-content\\\/uploads\\\/2026\\\/04\\\/logo.png\",\"width\":512,\"height\":512,\"caption\":\"SAP Dienstleitungen\"},\"image\":{\"@id\":\"https:\\\/\\\/puzzle-it.de\\\/#\\\/schema\\\/logo\\\/image\\\/\"}}]}<\/script>\n<!-- \/ Yoast SEO plugin. -->","yoast_head_json":{"title":"SAP Formularentwicklung f\u00fcr moderne Anwendungen -","description":"Entdecken Sie die Vorteile der SAP Formularentwicklung. Ersetzen Sie alte Technologien durch neue Adobe Forms f\u00fcr Ihr Unternehmen.","robots":{"index":"index","follow":"follow","max-snippet":"max-snippet:-1","max-image-preview":"max-image-preview:large","max-video-preview":"max-video-preview:-1"},"canonical":"https:\/\/puzzle-it.de\/index.php\/sap-formularentwicklung\/","og_locale":"de_DE","og_type":"article","og_title":"SAP Formularentwicklung f\u00fcr moderne Anwendungen -","og_description":"Entdecken Sie die Vorteile der SAP Formularentwicklung. Ersetzen Sie alte Technologien durch neue Adobe Forms f\u00fcr Ihr Unternehmen.","og_url":"https:\/\/puzzle-it.de\/index.php\/sap-formularentwicklung\/","og_site_name":"Puzzle-it","article_modified_time":"2026-04-28T16:57:37+00:00","og_image":[{"url":"https:\/\/puzzle-it.de\/wp-content\/uploads\/2026\/04\/adobe-1-1024x534-1.png","type":"","width":"","height":""}],"twitter_card":"summary_large_image","twitter_misc":{"Gesch\u00e4tzte Lesezeit":"2\u00a0Minuten"},"schema":{"@context":"https:\/\/schema.org","@graph":[{"@type":"WebPage","@id":"https:\/\/puzzle-it.de\/index.php\/sap-formularentwicklung\/","url":"https:\/\/puzzle-it.de\/index.php\/sap-formularentwicklung\/","name":"SAP Formularentwicklung f\u00fcr moderne Anwendungen -","isPartOf":{"@id":"https:\/\/puzzle-it.de\/#website"},"primaryImageOfPage":{"@id":"https:\/\/puzzle-it.de\/index.php\/sap-formularentwicklung\/#primaryimage"},"image":{"@id":"https:\/\/puzzle-it.de\/index.php\/sap-formularentwicklung\/#primaryimage"},"thumbnailUrl":"https:\/\/puzzle-it.de\/wp-content\/uploads\/2026\/04\/adobe-1-1024x534-1.png","datePublished":"2026-04-28T16:44:10+00:00","dateModified":"2026-04-28T16:57:37+00:00","description":"Entdecken Sie die Vorteile der SAP Formularentwicklung. Ersetzen Sie alte Technologien durch neue Adobe Forms f\u00fcr Ihr Unternehmen.","breadcrumb":{"@id":"https:\/\/puzzle-it.de\/index.php\/sap-formularentwicklung\/#breadcrumb"},"inLanguage":"de","potentialAction":[{"@type":"ReadAction","target":["https:\/\/puzzle-it.de\/index.php\/sap-formularentwicklung\/"]}]},{"@type":"ImageObject","inLanguage":"de","@id":"https:\/\/puzzle-it.de\/index.php\/sap-formularentwicklung\/#primaryimage","url":"https:\/\/puzzle-it.de\/wp-content\/uploads\/2026\/04\/adobe-1-1024x534-1.png","contentUrl":"https:\/\/puzzle-it.de\/wp-content\/uploads\/2026\/04\/adobe-1-1024x534-1.png","width":1024,"height":534,"caption":"ADOBE Formularentwicklung"},{"@type":"BreadcrumbList","@id":"https:\/\/puzzle-it.de\/index.php\/sap-formularentwicklung\/#breadcrumb","itemListElement":[{"@type":"ListItem","position":1,"name":"Start","item":"https:\/\/puzzle-it.de\/"},{"@type":"ListItem","position":2,"name":"SAP Formularentwicklung \/ E-Rechnung"}]},{"@type":"WebSite","@id":"https:\/\/puzzle-it.de\/#website","url":"https:\/\/puzzle-it.de\/","name":"Puzzle-it","description":"SAP Dienstleistungen","publisher":{"@id":"https:\/\/puzzle-it.de\/#organization"},"potentialAction":[{"@type":"SearchAction","target":{"@type":"EntryPoint","urlTemplate":"https:\/\/puzzle-it.de\/?s={search_term_string}"},"query-input":{"@type":"PropertyValueSpecification","valueRequired":true,"valueName":"search_term_string"}}],"inLanguage":"de"},{"@type":"Organization","@id":"https:\/\/puzzle-it.de\/#organization","name":"SAP Dienstleitungen","url":"https:\/\/puzzle-it.de\/","logo":{"@type":"ImageObject","inLanguage":"de","@id":"https:\/\/puzzle-it.de\/#\/schema\/logo\/image\/","url":"https:\/\/puzzle-it.de\/wp-content\/uploads\/2026\/04\/logo.png","contentUrl":"https:\/\/puzzle-it.de\/wp-content\/uploads\/2026\/04\/logo.png","width":512,"height":512,"caption":"SAP Dienstleitungen"},"image":{"@id":"https:\/\/puzzle-it.de\/#\/schema\/logo\/image\/"}}]}},"_links":{"self":[{"href":"https:\/\/puzzle-it.de\/index.php\/wp-json\/wp\/v2\/pages\/12197","targetHints":{"allow":["GET"]}}],"collection":[{"href":"https:\/\/puzzle-it.de\/index.php\/wp-json\/wp\/v2\/pages"}],"about":[{"href":"https:\/\/puzzle-it.de\/index.php\/wp-json\/wp\/v2\/types\/page"}],"author":[{"embeddable":true,"href":"https:\/\/puzzle-it.de\/index.php\/wp-json\/wp\/v2\/users\/1"}],"replies":[{"embeddable":true,"href":"https:\/\/puzzle-it.de\/index.php\/wp-json\/wp\/v2\/comments?post=12197"}],"version-history":[{"count":10,"href":"https:\/\/puzzle-it.de\/index.php\/wp-json\/wp\/v2\/pages\/12197\/revisions"}],"predecessor-version":[{"id":12209,"href":"https:\/\/puzzle-it.de\/index.php\/wp-json\/wp\/v2\/pages\/12197\/revisions\/12209"}],"wp:attachment":[{"href":"https:\/\/puzzle-it.de\/index.php\/wp-json\/wp\/v2\/media?parent=12197"}],"curies":[{"name":"wp","href":"https:\/\/api.w.org\/{rel}","templated":true}]}}